{"id":5407,"date":"2024-02-17T11:22:05","date_gmt":"2024-02-17T10:22:05","guid":{"rendered":"https:\/\/www.muriellebelin.fr\/?page_id=5407"},"modified":"2024-02-17T11:25:23","modified_gmt":"2024-02-17T10:25:23","slug":"dessins","status":"publish","type":"page","link":"https:\/\/www.muriellebelin.fr\/index.php\/dessins\/","title":{"rendered":"Dessins"},"content":{"rendered":"<section class=\"wpb-content-wrapper\"><p>[vc_row content_text_aligment=\u00a0\u00bb\u00a0\u00bb use_row_as_full_screen_section=\u00a0\u00bbno\u00a0\u00bb][vc_column][vc_column_text css=\u00a0\u00bb.vc_custom_1708165301325{margin-right: 15% !important;margin-left: 15% !important;border-top-width: 1px !important;border-bottom-width: 1px !important;padding-top: 15px !important;padding-right: 15px !important;padding-bottom: 40px !important;padding-left: 15px !important;border-top-color: #c4c4c4 !important;border-top-style: solid !important;border-bottom-color: #c4c4c4 !important;border-bottom-style: solid !important;}\u00a0\u00bb]<\/p>\n<h3>Dessins (2008-2023)<\/h3>\n<p>SITE EN CONSTRUCTION[\/vc_column_text][\/vc_column][\/vc_row][vc_row row_content_width=\u00a0\u00bbgrid\u00a0\u00bb content_text_aligment=\u00a0\u00bb\u00a0\u00bb use_row_as_full_screen_section=\u00a0\u00bbno\u00a0\u00bb css=\u00a0\u00bb.vc_custom_1466497696350{padding-top: 100px !important;padding-bottom: 70px !important;}\u00a0\u00bb][vc_column]<div class=\"edgtf-portfolio-list-holder edgtf-pl-gallery edgtf-pl-three-columns edgtf-pl-small-space edgtf-pl-info-on-image-hover edgtf-pl-hover-overlay-background edgtf-pl-has-animation\"  data-next-page=\"2\" data-type=\"gallery\" data-number-of-columns=\"3\" data-space-between-items=\"small\" data-number-of-items=\"10\" data-image-proportions=\"square\" data-category=\"dessins\" data-order-by=\"name\" data-order=\"ASC\" data-info-position=\"on-image-hover\" data-image-hover-type1=\"overlay-background\" data-overlay-background-color1=\"rgba(58,58,58,0.49)\" data-overlay-content-color1=\"#ffffff\" data-overlay-content-v-align1=\"middle\" data-overlay-content-h-align1=\"center\" data-disable-title=\"no\" data-title-tag=\"h4\" data-disable-category=\"yes\" data-disable-excerpt=\"yes\" data-excerpt-length=\"20\" data-show-load-more=\"no\" data-enable-infinite-scroll=\"no\" data-filter=\"no\" data-filter-order-by=\"name\" data-enable-article-animation=\"yes\" data-enable-variable-width=\"no\" data-pagination=\"yes\" data-max-num-pages=\"1\"><div class=\"edgtf-pl-inner clearfix\"><article class=\"edgtf-pl-item  post-5518 portfolio-item type-portfolio-item status-publish has-post-thumbnail hentry portfolio-category-dessins\">\n\t<div class=\"edgtf-pl-item-inner\">\n\t\t<div class=\"edgtf-pli-image\">\n\t\t\t\t\t\t\t<img loading=\"lazy\" decoding=\"async\" width=\"600\" height=\"600\" src=\"https:\/\/www.muriellebelin.fr\/wp-content\/uploads\/2024\/02\/36facons-Vignette-600x600.jpg\" class=\"attachment-assemble_edge_square size-assemble_edge_square wp-post-image\" alt=\"\" srcset=\"https:\/\/www.muriellebelin.fr\/wp-content\/uploads\/2024\/02\/36facons-Vignette-600x600.jpg 600w, https:\/\/www.muriellebelin.fr\/wp-content\/uploads\/2024\/02\/36facons-Vignette-300x300.jpg 300w, https:\/\/www.muriellebelin.fr\/wp-content\/uploads\/2024\/02\/36facons-Vignette-150x150.jpg 150w, https:\/\/www.muriellebelin.fr\/wp-content\/uploads\/2024\/02\/36facons-Vignette-768x768.jpg 768w, https:\/\/www.muriellebelin.fr\/wp-content\/uploads\/2024\/02\/36facons-Vignette.jpg 1001w\" sizes=\"auto, (max-width: 600px) 100vw, 600px\" \/>\t\t\t\t\t\t\t\t\t<\/div>\n\t\t\t\t\t<div class=\"edgtf-pli-text-holder\" style=\"background-color: rgba(58,58,58,0.49);text-align: center\">\n\t\t\t\t<div class=\"edgtf-pli-text-wrapper\">\n\t\t\t\t\t<div class=\"edgtf-pli-text\" style=\"vertical-align: middle\">\n\t\t\t\t\t\t\t\t\t\t\t\t\t\t\t\t\t\t\t<h4 itemprop=\"name\" class=\"edgtf-pli-title entry-title\" style=\"color: #ffffff\">\n\t\t\t\t\t\t\t\t36 fa\u00e7ons dont J\u00e9sus aurait pu \u00eatre ex\u00e9cut\u00e9\t\t\t\t\t\t\t<\/h4>\n\t\t\t\t\t\t\n\t\t\t\t\t\t\t\t\t\t\t\n\t\t\t\t\t\t\t\t\t\t\t\t\t\t\t\t\t<\/div>\n\t\t\t\t<\/div>\n\t\t\t<\/div>\n\t\t\t\t<a itemprop=\"url\" class=\"edgtf-pli-link\" href=\"https:\/\/www.muriellebelin.fr\/index.php\/36-facons-dont-jesus-aurait-pu-etre-execute\/\" target=\"_self\"><\/a>\n\t<\/div>\n<\/article><article class=\"edgtf-pl-item  post-5397 portfolio-item type-portfolio-item status-publish has-post-thumbnail hentry portfolio-category-dessins\">\n\t<div class=\"edgtf-pl-item-inner\">\n\t\t<div class=\"edgtf-pli-image\">\n\t\t\t\t\t\t\t<img loading=\"lazy\" decoding=\"async\" width=\"600\" height=\"600\" src=\"https:\/\/www.muriellebelin.fr\/wp-content\/uploads\/2024\/02\/vignette-prepa-boiserie-600x600.jpg\" class=\"attachment-assemble_edge_square size-assemble_edge_square wp-post-image\" alt=\"\" srcset=\"https:\/\/www.muriellebelin.fr\/wp-content\/uploads\/2024\/02\/vignette-prepa-boiserie-600x600.jpg 600w, https:\/\/www.muriellebelin.fr\/wp-content\/uploads\/2024\/02\/vignette-prepa-boiserie-300x300.jpg 300w, https:\/\/www.muriellebelin.fr\/wp-content\/uploads\/2024\/02\/vignette-prepa-boiserie-1024x1024.jpg 1024w, https:\/\/www.muriellebelin.fr\/wp-content\/uploads\/2024\/02\/vignette-prepa-boiserie-150x150.jpg 150w, https:\/\/www.muriellebelin.fr\/wp-content\/uploads\/2024\/02\/vignette-prepa-boiserie-768x768.jpg 768w, https:\/\/www.muriellebelin.fr\/wp-content\/uploads\/2024\/02\/vignette-prepa-boiserie.jpg 1254w\" sizes=\"auto, (max-width: 600px) 100vw, 600px\" \/>\t\t\t\t\t\t\t\t\t<\/div>\n\t\t\t\t\t<div class=\"edgtf-pli-text-holder\" style=\"background-color: rgba(58,58,58,0.49);text-align: center\">\n\t\t\t\t<div class=\"edgtf-pli-text-wrapper\">\n\t\t\t\t\t<div class=\"edgtf-pli-text\" style=\"vertical-align: middle\">\n\t\t\t\t\t\t\t\t\t\t\t\t\t\t\t\t\t\t\t<h4 itemprop=\"name\" class=\"edgtf-pli-title entry-title\" style=\"color: #ffffff\">\n\t\t\t\t\t\t\t\t\u00ab\u00a0Boiserie\u00a0\u00bb &#8211; dessins pr\u00e9paratoires\t\t\t\t\t\t\t<\/h4>\n\t\t\t\t\t\t\n\t\t\t\t\t\t\t\t\t\t\t\n\t\t\t\t\t\t\t\t\t\t\t\t\t\t\t\t\t<\/div>\n\t\t\t\t<\/div>\n\t\t\t<\/div>\n\t\t\t\t<a itemprop=\"url\" class=\"edgtf-pli-link\" href=\"https:\/\/www.muriellebelin.fr\/index.php\/boiserie-dessins-preparatoires\/\" target=\"_self\"><\/a>\n\t<\/div>\n<\/article><article class=\"edgtf-pl-item  post-5369 portfolio-item type-portfolio-item status-publish has-post-thumbnail hentry portfolio-category-dessins\">\n\t<div class=\"edgtf-pl-item-inner\">\n\t\t<div class=\"edgtf-pli-image\">\n\t\t\t\t\t\t\t<img loading=\"lazy\" decoding=\"async\" width=\"600\" height=\"600\" src=\"https:\/\/www.muriellebelin.fr\/wp-content\/uploads\/2024\/02\/vignette-prepa-epopee-600x600.jpg\" class=\"attachment-assemble_edge_square size-assemble_edge_square wp-post-image\" alt=\"\" srcset=\"https:\/\/www.muriellebelin.fr\/wp-content\/uploads\/2024\/02\/vignette-prepa-epopee-600x600.jpg 600w, https:\/\/www.muriellebelin.fr\/wp-content\/uploads\/2024\/02\/vignette-prepa-epopee-300x300.jpg 300w, https:\/\/www.muriellebelin.fr\/wp-content\/uploads\/2024\/02\/vignette-prepa-epopee-1024x1024.jpg 1024w, https:\/\/www.muriellebelin.fr\/wp-content\/uploads\/2024\/02\/vignette-prepa-epopee-150x150.jpg 150w, https:\/\/www.muriellebelin.fr\/wp-content\/uploads\/2024\/02\/vignette-prepa-epopee-768x768.jpg 768w, https:\/\/www.muriellebelin.fr\/wp-content\/uploads\/2024\/02\/vignette-prepa-epopee.jpg 1194w\" sizes=\"auto, (max-width: 600px) 100vw, 600px\" \/>\t\t\t\t\t\t\t\t\t<\/div>\n\t\t\t\t\t<div class=\"edgtf-pli-text-holder\" style=\"background-color: rgba(58,58,58,0.49);text-align: center\">\n\t\t\t\t<div class=\"edgtf-pli-text-wrapper\">\n\t\t\t\t\t<div class=\"edgtf-pli-text\" style=\"vertical-align: middle\">\n\t\t\t\t\t\t\t\t\t\t\t\t\t\t\t\t\t\t\t<h4 itemprop=\"name\" class=\"edgtf-pli-title entry-title\" style=\"color: #ffffff\">\n\t\t\t\t\t\t\t\t\u00ab\u00a0L&rsquo;Epop\u00e9e\u00a0\u00bb &#8211; dessins pr\u00e9paratoires\t\t\t\t\t\t\t<\/h4>\n\t\t\t\t\t\t\n\t\t\t\t\t\t\t\t\t\t\t\n\t\t\t\t\t\t\t\t\t\t\t\t\t\t\t\t\t<\/div>\n\t\t\t\t<\/div>\n\t\t\t<\/div>\n\t\t\t\t<a itemprop=\"url\" class=\"edgtf-pli-link\" href=\"https:\/\/www.muriellebelin.fr\/index.php\/lepopee-dessins-preparatoires\/\" target=\"_self\"><\/a>\n\t<\/div>\n<\/article><\/div><\/div>[\/vc_column][\/vc_row]<\/p>\n<\/section>","protected":false},"excerpt":{"rendered":"<p>[vc_row content_text_aligment=\u00a0\u00bb\u00a0\u00bb use_row_as_full_screen_section=\u00a0\u00bbno\u00a0\u00bb][vc_column][vc_column_text css=\u00a0\u00bb.vc_custom_1708165301325{margin-right: 15% !important;margin-left: 15% !important;border-top-width: 1px !important;border-bottom-width: 1px !important;padding-top: 15px !important;padding-right: 15px !important;padding-bottom: 40px !important;padding-left: 15px !important;border-top-color: #c4c4c4 !important;border-top-style: solid !important;border-bottom-color: #c4c4c4 !important;border-bottom-style: solid !important;}\u00a0\u00bb] Dessins (2008-2023) SITE EN CONSTRUCTION[\/vc_column_text][\/vc_column][\/vc_row][vc_row row_content_width=\u00a0\u00bbgrid\u00a0\u00bb content_text_aligment=\u00a0\u00bb\u00a0\u00bb use_row_as_full_screen_section=\u00a0\u00bbno\u00a0\u00bb css=\u00a0\u00bb.vc_custom_1466497696350{padding-top: 100px !important;padding-bottom: 70px !important;}\u00a0\u00bb][vc_column][\/vc_column][\/vc_row]<\/p>\n","protected":false},"author":1,"featured_media":0,"parent":0,"menu_order":0,"comment_status":"closed","ping_status":"closed","template":"full-width.php","meta":{"footnotes":"","_links_to":"","_links_to_target":""},"class_list":["post-5407","page","type-page","status-publish","hentry"],"yoast_head":"<!-- This site is optimized with the Yoast SEO plugin v24.3 - https:\/\/yoast.com\/wordpress\/plugins\/seo\/ -->\n<title>Dessins - Murielle Belin<\/title>\n<meta name=\"robots\" content=\"index, follow, max-snippet:-1, max-image-preview:large, max-video-preview:-1\" \/>\n<link rel=\"canonical\" href=\"https:\/\/www.muriellebelin.fr\/index.php\/dessins\/\" \/>\n<meta property=\"og:locale\" content=\"fr_FR\" \/>\n<meta property=\"og:type\" content=\"article\" \/>\n<meta property=\"og:title\" content=\"Dessins - Murielle Belin\" \/>\n<meta property=\"og:description\" content=\"[vc_row content_text_aligment=\u00a0\u00bb\u00a0\u00bb use_row_as_full_screen_section=\u00a0\u00bbno\u00a0\u00bb][vc_column][vc_column_text css=\u00a0\u00bb.vc_custom_1708165301325{margin-right: 15% !important;margin-left: 15% !important;border-top-width: 1px !important;border-bottom-width: 1px !important;padding-top: 15px !important;padding-right: 15px !important;padding-bottom: 40px !important;padding-left: 15px !important;border-top-color: #c4c4c4 !important;border-top-style: solid !important;border-bottom-color: #c4c4c4 !important;border-bottom-style: solid !important;}\u00a0\u00bb] Dessins (2008-2023) SITE EN CONSTRUCTION[\/vc_column_text][\/vc_column][\/vc_row][vc_row row_content_width=\u00a0\u00bbgrid\u00a0\u00bb content_text_aligment=\u00a0\u00bb\u00a0\u00bb use_row_as_full_screen_section=\u00a0\u00bbno\u00a0\u00bb css=\u00a0\u00bb.vc_custom_1466497696350{padding-top: 100px !important;padding-bottom: 70px !important;}\u00a0\u00bb][vc_column][\/vc_column][\/vc_row]\" \/>\n<meta property=\"og:url\" content=\"https:\/\/www.muriellebelin.fr\/index.php\/dessins\/\" \/>\n<meta property=\"og:site_name\" content=\"Murielle Belin\" \/>\n<meta property=\"article:modified_time\" content=\"2024-02-17T10:25:23+00:00\" \/>\n<meta name=\"twitter:card\" content=\"summary_large_image\" \/>\n<meta name=\"twitter:label1\" content=\"Dur\u00e9e de lecture estim\u00e9e\" \/>\n\t<meta name=\"twitter:data1\" content=\"1 minute\" \/>\n<script type=\"application\/ld+json\" class=\"yoast-schema-graph\">{\"@context\":\"https:\/\/schema.org\",\"@graph\":[{\"@type\":\"WebPage\",\"@id\":\"https:\/\/www.muriellebelin.fr\/index.php\/dessins\/\",\"url\":\"https:\/\/www.muriellebelin.fr\/index.php\/dessins\/\",\"name\":\"Dessins - Murielle Belin\",\"isPartOf\":{\"@id\":\"http:\/\/www.muriellebelin.fr\/#website\"},\"datePublished\":\"2024-02-17T10:22:05+00:00\",\"dateModified\":\"2024-02-17T10:25:23+00:00\",\"breadcrumb\":{\"@id\":\"https:\/\/www.muriellebelin.fr\/index.php\/dessins\/#breadcrumb\"},\"inLanguage\":\"fr-FR\",\"potentialAction\":[{\"@type\":\"ReadAction\",\"target\":[\"https:\/\/www.muriellebelin.fr\/index.php\/dessins\/\"]}]},{\"@type\":\"BreadcrumbList\",\"@id\":\"https:\/\/www.muriellebelin.fr\/index.php\/dessins\/#breadcrumb\",\"itemListElement\":[{\"@type\":\"ListItem\",\"position\":1,\"name\":\"Accueil\",\"item\":\"http:\/\/www.muriellebelin.fr\/\"},{\"@type\":\"ListItem\",\"position\":2,\"name\":\"Dessins\"}]},{\"@type\":\"WebSite\",\"@id\":\"http:\/\/www.muriellebelin.fr\/#website\",\"url\":\"http:\/\/www.muriellebelin.fr\/\",\"name\":\"Murielle Belin\",\"description\":\"\",\"potentialAction\":[{\"@type\":\"SearchAction\",\"target\":{\"@type\":\"EntryPoint\",\"urlTemplate\":\"http:\/\/www.muriellebelin.fr\/?s={search_term_string}\"},\"query-input\":{\"@type\":\"PropertyValueSpecification\",\"valueRequired\":true,\"valueName\":\"search_term_string\"}}],\"inLanguage\":\"fr-FR\"}]}<\/script>\n<!-- \/ Yoast SEO plugin. -->","yoast_head_json":{"title":"Dessins - Murielle Belin","robots":{"index":"index","follow":"follow","max-snippet":"max-snippet:-1","max-image-preview":"max-image-preview:large","max-video-preview":"max-video-preview:-1"},"canonical":"https:\/\/www.muriellebelin.fr\/index.php\/dessins\/","og_locale":"fr_FR","og_type":"article","og_title":"Dessins - Murielle Belin","og_description":"[vc_row content_text_aligment=\u00a0\u00bb\u00a0\u00bb use_row_as_full_screen_section=\u00a0\u00bbno\u00a0\u00bb][vc_column][vc_column_text css=\u00a0\u00bb.vc_custom_1708165301325{margin-right: 15% !important;margin-left: 15% !important;border-top-width: 1px !important;border-bottom-width: 1px !important;padding-top: 15px !important;padding-right: 15px !important;padding-bottom: 40px !important;padding-left: 15px !important;border-top-color: #c4c4c4 !important;border-top-style: solid !important;border-bottom-color: #c4c4c4 !important;border-bottom-style: solid !important;}\u00a0\u00bb] Dessins (2008-2023) SITE EN CONSTRUCTION[\/vc_column_text][\/vc_column][\/vc_row][vc_row row_content_width=\u00a0\u00bbgrid\u00a0\u00bb content_text_aligment=\u00a0\u00bb\u00a0\u00bb use_row_as_full_screen_section=\u00a0\u00bbno\u00a0\u00bb css=\u00a0\u00bb.vc_custom_1466497696350{padding-top: 100px !important;padding-bottom: 70px !important;}\u00a0\u00bb][vc_column][\/vc_column][\/vc_row]","og_url":"https:\/\/www.muriellebelin.fr\/index.php\/dessins\/","og_site_name":"Murielle Belin","article_modified_time":"2024-02-17T10:25:23+00:00","twitter_card":"summary_large_image","twitter_misc":{"Dur\u00e9e de lecture estim\u00e9e":"1 minute"},"schema":{"@context":"https:\/\/schema.org","@graph":[{"@type":"WebPage","@id":"https:\/\/www.muriellebelin.fr\/index.php\/dessins\/","url":"https:\/\/www.muriellebelin.fr\/index.php\/dessins\/","name":"Dessins - Murielle Belin","isPartOf":{"@id":"http:\/\/www.muriellebelin.fr\/#website"},"datePublished":"2024-02-17T10:22:05+00:00","dateModified":"2024-02-17T10:25:23+00:00","breadcrumb":{"@id":"https:\/\/www.muriellebelin.fr\/index.php\/dessins\/#breadcrumb"},"inLanguage":"fr-FR","potentialAction":[{"@type":"ReadAction","target":["https:\/\/www.muriellebelin.fr\/index.php\/dessins\/"]}]},{"@type":"BreadcrumbList","@id":"https:\/\/www.muriellebelin.fr\/index.php\/dessins\/#breadcrumb","itemListElement":[{"@type":"ListItem","position":1,"name":"Accueil","item":"http:\/\/www.muriellebelin.fr\/"},{"@type":"ListItem","position":2,"name":"Dessins"}]},{"@type":"WebSite","@id":"http:\/\/www.muriellebelin.fr\/#website","url":"http:\/\/www.muriellebelin.fr\/","name":"Murielle Belin","description":"","potentialAction":[{"@type":"SearchAction","target":{"@type":"EntryPoint","urlTemplate":"http:\/\/www.muriellebelin.fr\/?s={search_term_string}"},"query-input":{"@type":"PropertyValueSpecification","valueRequired":true,"valueName":"search_term_string"}}],"inLanguage":"fr-FR"}]}},"_links":{"self":[{"href":"https:\/\/www.muriellebelin.fr\/index.php\/wp-json\/wp\/v2\/pages\/5407","targetHints":{"allow":["GET"]}}],"collection":[{"href":"https:\/\/www.muriellebelin.fr\/index.php\/wp-json\/wp\/v2\/pages"}],"about":[{"href":"https:\/\/www.muriellebelin.fr\/index.php\/wp-json\/wp\/v2\/types\/page"}],"author":[{"embeddable":true,"href":"https:\/\/www.muriellebelin.fr\/index.php\/wp-json\/wp\/v2\/users\/1"}],"replies":[{"embeddable":true,"href":"https:\/\/www.muriellebelin.fr\/index.php\/wp-json\/wp\/v2\/comments?post=5407"}],"version-history":[{"count":4,"href":"https:\/\/www.muriellebelin.fr\/index.php\/wp-json\/wp\/v2\/pages\/5407\/revisions"}],"predecessor-version":[{"id":5411,"href":"https:\/\/www.muriellebelin.fr\/index.php\/wp-json\/wp\/v2\/pages\/5407\/revisions\/5411"}],"wp:attachment":[{"href":"https:\/\/www.muriellebelin.fr\/index.php\/wp-json\/wp\/v2\/media?parent=5407"}],"curies":[{"name":"wp","href":"https:\/\/api.w.org\/{rel}","templated":true}]}}