{"id":5106,"date":"2023-12-22T16:02:49","date_gmt":"2023-12-22T15:02:49","guid":{"rendered":"https:\/\/www.muriellebelin.fr\/?page_id=5106"},"modified":"2024-02-28T13:02:31","modified_gmt":"2024-02-28T12:02:31","slug":"a-propos","status":"publish","type":"page","link":"https:\/\/www.muriellebelin.fr\/index.php\/a-propos\/","title":{"rendered":"A propos"},"content":{"rendered":"<section class=\"wpb-content-wrapper\"><p>[vc_row content_text_aligment=\u00a0\u00bb\u00a0\u00bb use_row_as_full_screen_section=\u00a0\u00bbno\u00a0\u00bb][vc_column][vc_separator color=\u00a0\u00bbblack\u00a0\u00bb align=\u00a0\u00bbalign_left\u00a0\u00bb el_width=\u00a0\u00bb50&Prime; css_animation=\u00a0\u00bbslideInLeft\u00a0\u00bb][vc_empty_space height=\u00a0\u00bb20px\u00a0\u00bb][vc_column_text]N\u00e9e \u00e0 Avignon en 1976, Murielle Belin vit pr\u00e8s de Nancy (F).<\/p>\n<p>Elle fr\u00e9quente depuis l&rsquo;\u00e2ge de 10 ans des ateliers de peintres, dessinateurs, po\u00e8tes, com\u00e9diens, prestidigitateurs-marionnettistes.<\/p>\n<p>Marqu\u00e9e, entre autres, par les univers de Roland Topor, du Facteur Cheval et de L\u00e9onard de Vinci, elle d\u00e9ploie depuis 2022 des techniques acad\u00e9miques (dessin, peinture \u00e0 l&rsquo;huile, modelage) et des techniques populaires (travail du bois, papier roul\u00e9, assemblage).<\/p>\n<p>Avec une po\u00e9sie parfois mordante, Murielle Belin exploite ces multiples savoir-faire en donnant naissance \u00e0 des variations s\u00e9rielles. Elle s&rsquo;inspire de r\u00e9cits mythologiques, d&rsquo;objets d&rsquo;art sacr\u00e9, de l&rsquo;histoire des arts et d&rsquo;iconographies diverses.[\/vc_column_text][vc_empty_space height=\u00a0\u00bb20px\u00a0\u00bb][vc_separator color=\u00a0\u00bbblack\u00a0\u00bb align=\u00a0\u00bbalign_left\u00a0\u00bb el_width=\u00a0\u00bb50&Prime; css_animation=\u00a0\u00bbslideInLeft\u00a0\u00bb][vc_empty_space height=\u00a0\u00bb20px\u00a0\u00bb][\/vc_column][\/vc_row]<\/p>\n<\/section>","protected":false},"excerpt":{"rendered":"<p>[vc_row content_text_aligment=\u00a0\u00bb\u00a0\u00bb use_row_as_full_screen_section=\u00a0\u00bbno\u00a0\u00bb][vc_column][vc_separator color=\u00a0\u00bbblack\u00a0\u00bb align=\u00a0\u00bbalign_left\u00a0\u00bb el_width=\u00a0\u00bb50&Prime; css_animation=\u00a0\u00bbslideInLeft\u00a0\u00bb][vc_empty_space height=\u00a0\u00bb20px\u00a0\u00bb][vc_column_text]N\u00e9e \u00e0 Avignon en 1976, Murielle Belin vit pr\u00e8s de Nancy (F). Elle fr\u00e9quente depuis l&rsquo;\u00e2ge de 10 ans des ateliers de peintres, dessinateurs, po\u00e8tes, com\u00e9diens, prestidigitateurs-marionnettistes. Marqu\u00e9e, entre autres, par les univers de Roland Topor, du Facteur [&hellip;]<\/p>\n","protected":false},"author":1,"featured_media":0,"parent":0,"menu_order":0,"comment_status":"closed","ping_status":"closed","template":"","meta":{"footnotes":"","_links_to":"","_links_to_target":""},"class_list":["post-5106","page","type-page","status-publish","hentry"],"yoast_head":"<!-- This site is optimized with the Yoast SEO plugin v24.3 - https:\/\/yoast.com\/wordpress\/plugins\/seo\/ -->\n<title>A propos - Murielle Belin<\/title>\n<meta name=\"robots\" content=\"index, follow, max-snippet:-1, max-image-preview:large, max-video-preview:-1\" \/>\n<link rel=\"canonical\" href=\"http:\/\/www.muriellebelin.fr\/index.php\/a-propos\/\" \/>\n<meta property=\"og:locale\" content=\"fr_FR\" \/>\n<meta property=\"og:type\" content=\"article\" \/>\n<meta property=\"og:title\" content=\"A propos - Murielle Belin\" \/>\n<meta property=\"og:description\" content=\"[vc_row content_text_aligment=\u00a0\u00bb\u00a0\u00bb use_row_as_full_screen_section=\u00a0\u00bbno\u00a0\u00bb][vc_column][vc_separator color=\u00a0\u00bbblack\u00a0\u00bb align=\u00a0\u00bbalign_left\u00a0\u00bb el_width=\u00a0\u00bb50&Prime; css_animation=\u00a0\u00bbslideInLeft\u00a0\u00bb][vc_empty_space height=\u00a0\u00bb20px\u00a0\u00bb][vc_column_text]N\u00e9e \u00e0 Avignon en 1976, Murielle Belin vit pr\u00e8s de Nancy (F). Elle fr\u00e9quente depuis l&rsquo;\u00e2ge de 10 ans des ateliers de peintres, dessinateurs, po\u00e8tes, com\u00e9diens, prestidigitateurs-marionnettistes. Marqu\u00e9e, entre autres, par les univers de Roland Topor, du Facteur [&hellip;]\" \/>\n<meta property=\"og:url\" content=\"http:\/\/www.muriellebelin.fr\/index.php\/a-propos\/\" \/>\n<meta property=\"og:site_name\" content=\"Murielle Belin\" \/>\n<meta property=\"article:modified_time\" content=\"2024-02-28T12:02:31+00:00\" \/>\n<meta name=\"twitter:card\" content=\"summary_large_image\" \/>\n<meta name=\"twitter:label1\" content=\"Dur\u00e9e de lecture estim\u00e9e\" \/>\n\t<meta name=\"twitter:data1\" content=\"1 minute\" \/>\n<script type=\"application\/ld+json\" class=\"yoast-schema-graph\">{\"@context\":\"https:\/\/schema.org\",\"@graph\":[{\"@type\":\"WebPage\",\"@id\":\"http:\/\/www.muriellebelin.fr\/index.php\/a-propos\/\",\"url\":\"http:\/\/www.muriellebelin.fr\/index.php\/a-propos\/\",\"name\":\"A propos - Murielle Belin\",\"isPartOf\":{\"@id\":\"http:\/\/www.muriellebelin.fr\/#website\"},\"datePublished\":\"2023-12-22T15:02:49+00:00\",\"dateModified\":\"2024-02-28T12:02:31+00:00\",\"breadcrumb\":{\"@id\":\"http:\/\/www.muriellebelin.fr\/index.php\/a-propos\/#breadcrumb\"},\"inLanguage\":\"fr-FR\",\"potentialAction\":[{\"@type\":\"ReadAction\",\"target\":[\"http:\/\/www.muriellebelin.fr\/index.php\/a-propos\/\"]}]},{\"@type\":\"BreadcrumbList\",\"@id\":\"http:\/\/www.muriellebelin.fr\/index.php\/a-propos\/#breadcrumb\",\"itemListElement\":[{\"@type\":\"ListItem\",\"position\":1,\"name\":\"Accueil\",\"item\":\"http:\/\/www.muriellebelin.fr\/\"},{\"@type\":\"ListItem\",\"position\":2,\"name\":\"A propos\"}]},{\"@type\":\"WebSite\",\"@id\":\"http:\/\/www.muriellebelin.fr\/#website\",\"url\":\"http:\/\/www.muriellebelin.fr\/\",\"name\":\"Murielle Belin\",\"description\":\"\",\"potentialAction\":[{\"@type\":\"SearchAction\",\"target\":{\"@type\":\"EntryPoint\",\"urlTemplate\":\"http:\/\/www.muriellebelin.fr\/?s={search_term_string}\"},\"query-input\":{\"@type\":\"PropertyValueSpecification\",\"valueRequired\":true,\"valueName\":\"search_term_string\"}}],\"inLanguage\":\"fr-FR\"}]}<\/script>\n<!-- \/ Yoast SEO plugin. -->","yoast_head_json":{"title":"A propos - Murielle Belin","robots":{"index":"index","follow":"follow","max-snippet":"max-snippet:-1","max-image-preview":"max-image-preview:large","max-video-preview":"max-video-preview:-1"},"canonical":"http:\/\/www.muriellebelin.fr\/index.php\/a-propos\/","og_locale":"fr_FR","og_type":"article","og_title":"A propos - Murielle Belin","og_description":"[vc_row content_text_aligment=\u00a0\u00bb\u00a0\u00bb use_row_as_full_screen_section=\u00a0\u00bbno\u00a0\u00bb][vc_column][vc_separator color=\u00a0\u00bbblack\u00a0\u00bb align=\u00a0\u00bbalign_left\u00a0\u00bb el_width=\u00a0\u00bb50&Prime; css_animation=\u00a0\u00bbslideInLeft\u00a0\u00bb][vc_empty_space height=\u00a0\u00bb20px\u00a0\u00bb][vc_column_text]N\u00e9e \u00e0 Avignon en 1976, Murielle Belin vit pr\u00e8s de Nancy (F). Elle fr\u00e9quente depuis l&rsquo;\u00e2ge de 10 ans des ateliers de peintres, dessinateurs, po\u00e8tes, com\u00e9diens, prestidigitateurs-marionnettistes. Marqu\u00e9e, entre autres, par les univers de Roland Topor, du Facteur [&hellip;]","og_url":"http:\/\/www.muriellebelin.fr\/index.php\/a-propos\/","og_site_name":"Murielle Belin","article_modified_time":"2024-02-28T12:02:31+00:00","twitter_card":"summary_large_image","twitter_misc":{"Dur\u00e9e de lecture estim\u00e9e":"1 minute"},"schema":{"@context":"https:\/\/schema.org","@graph":[{"@type":"WebPage","@id":"http:\/\/www.muriellebelin.fr\/index.php\/a-propos\/","url":"http:\/\/www.muriellebelin.fr\/index.php\/a-propos\/","name":"A propos - Murielle Belin","isPartOf":{"@id":"http:\/\/www.muriellebelin.fr\/#website"},"datePublished":"2023-12-22T15:02:49+00:00","dateModified":"2024-02-28T12:02:31+00:00","breadcrumb":{"@id":"http:\/\/www.muriellebelin.fr\/index.php\/a-propos\/#breadcrumb"},"inLanguage":"fr-FR","potentialAction":[{"@type":"ReadAction","target":["http:\/\/www.muriellebelin.fr\/index.php\/a-propos\/"]}]},{"@type":"BreadcrumbList","@id":"http:\/\/www.muriellebelin.fr\/index.php\/a-propos\/#breadcrumb","itemListElement":[{"@type":"ListItem","position":1,"name":"Accueil","item":"http:\/\/www.muriellebelin.fr\/"},{"@type":"ListItem","position":2,"name":"A propos"}]},{"@type":"WebSite","@id":"http:\/\/www.muriellebelin.fr\/#website","url":"http:\/\/www.muriellebelin.fr\/","name":"Murielle Belin","description":"","potentialAction":[{"@type":"SearchAction","target":{"@type":"EntryPoint","urlTemplate":"http:\/\/www.muriellebelin.fr\/?s={search_term_string}"},"query-input":{"@type":"PropertyValueSpecification","valueRequired":true,"valueName":"search_term_string"}}],"inLanguage":"fr-FR"}]}},"_links":{"self":[{"href":"https:\/\/www.muriellebelin.fr\/index.php\/wp-json\/wp\/v2\/pages\/5106","targetHints":{"allow":["GET"]}}],"collection":[{"href":"https:\/\/www.muriellebelin.fr\/index.php\/wp-json\/wp\/v2\/pages"}],"about":[{"href":"https:\/\/www.muriellebelin.fr\/index.php\/wp-json\/wp\/v2\/types\/page"}],"author":[{"embeddable":true,"href":"https:\/\/www.muriellebelin.fr\/index.php\/wp-json\/wp\/v2\/users\/1"}],"replies":[{"embeddable":true,"href":"https:\/\/www.muriellebelin.fr\/index.php\/wp-json\/wp\/v2\/comments?post=5106"}],"version-history":[{"count":6,"href":"https:\/\/www.muriellebelin.fr\/index.php\/wp-json\/wp\/v2\/pages\/5106\/revisions"}],"predecessor-version":[{"id":5569,"href":"https:\/\/www.muriellebelin.fr\/index.php\/wp-json\/wp\/v2\/pages\/5106\/revisions\/5569"}],"wp:attachment":[{"href":"https:\/\/www.muriellebelin.fr\/index.php\/wp-json\/wp\/v2\/media?parent=5106"}],"curies":[{"name":"wp","href":"https:\/\/api.w.org\/{rel}","templated":true}]}}